{"id":3562,"date":"2025-11-19T08:52:12","date_gmt":"2025-11-19T13:52:12","guid":{"rendered":"https:\/\/mercedes-benz.starniza.com\/?page_id=3562"},"modified":"2026-04-22T11:47:39","modified_gmt":"2026-04-22T16:47:39","slug":"servicios-posventa-2","status":"publish","type":"page","link":"https:\/\/mercedes-benz.starniza.com\/?page_id=3562","title":{"rendered":"Servicios posventa"},"content":{"rendered":"\t\t<div data-elementor-type=\"wp-page\" data-elementor-id=\"3562\" class=\"elementor elementor-3562\" data-elementor-post-type=\"page\">\n\t\t\t\t<div class=\"elementor-element elementor-element-d5d5344 e-con-full elementor-hidden-desktop elementor-hidden-tablet elementor-hidden-mobile e-flex e-con e-parent\" data-id=\"d5d5344\" data-element_type=\"container\" data-e-type=\"container\">\n\t\t\t\t<div class=\"elementor-element elementor-element-78b8b6c elementor-widget__width-inherit elementor-widget elementor-widget-html\" data-id=\"78b8b6c\" data-element_type=\"widget\" data-e-type=\"widget\" data-widget_type=\"html.default\">\n\t\t\t\t\t<iframe style=\"border:1px #FFFFFF none\" src=\"https:\/\/starniza.ivuo.io\/agenda\/default\" title=\"iFrame\" width=\"100%\" height=\"800px\" scrolling=\"yes\" frameborder=\"no\" allow=\"fullscreen\"><\/iframe>  \t\t\t\t<\/div>\n\t\t\t\t<\/div>\n\t\t<div class=\"elementor-element elementor-element-7b2bc80 e-flex e-con-boxed e-con e-parent\" data-id=\"7b2bc80\" data-element_type=\"container\" data-e-type=\"container\">\n\t\t\t\t\t<div class=\"e-con-inner\">\n\t\t\t\t<div class=\"elementor-element elementor-element-928d7ba elementor-widget elementor-widget-html\" data-id=\"928d7ba\" data-element_type=\"widget\" data-e-type=\"widget\" data-widget_type=\"html.default\">\n\t\t\t\t\t<style>\r\n    .az-form-container { font-family: Arial, sans-serif; max-width: 800px; margin: 40px auto; color: #333; }\r\n    .az-form-header { text-align: center; margin-bottom: 30px; }\r\n    .az-form-header h2 { font-size: 28px; font-weight: bold; margin-bottom: 8px; color: #1a1a1a; }\r\n    .az-form-header p { font-size: 16px; color: #666; }\r\n    .az-form-section { background-color: #fff; border: 1px solid #eaeaea; border-radius: 4px; padding: 20px; margin-bottom: 15px; box-shadow: 0 2px 4px rgba(0,0,0,0.02); }\r\n    .az-row { display: flex; gap: 20px; flex-wrap: wrap; }\r\n    .az-col { flex: 1; min-width: 250px; display: flex; flex-direction: column; }\r\n    .az-form-group { margin-bottom: 15px; }\r\n    .az-form-group label { font-weight: bold; margin-bottom: 8px; font-size: 14px; display: block; color: #1a1a1a; }\r\n    .az-form-control { width: 100%; padding: 12px; border: 1px solid #ccc; border-radius: 4px; font-size: 14px; color: #333; box-sizing: border-box; background-color: #fafafa; }\r\n    .az-form-control:focus { outline: none; border-color: #61c4eb; background-color: #fff; }\r\n    textarea.az-form-control { resize: vertical; min-height: 80px; }\r\n    .az-terms-group { display: flex; align-items: center; gap: 10px; margin: 20px 0; font-size: 14px; color: #666; }\r\n    .az-submit-btn { background-color: #61c4eb; color: #ffffff; padding: 14px 24px; border: none; border-radius: 4px; font-size: 16px; font-weight: bold; cursor: pointer; width: 100%; max-width: 200px; float: right; transition: background-color 0.2s; }\r\n    .az-submit-btn:hover { background-color: #4eb0d4; }\r\n    .az-clearfix::after { content: \"\"; clear: both; display: table; }\r\n    \r\n    \/* Estilos para el mensaje de \u00e9xito *\/\r\n    #mensaje-exito {\r\n        display: none;\r\n        text-align: center;\r\n        padding: 40px 20px;\r\n        background-color: #61c4eb; \r\n        border: 1px solid #4eb0d4; \r\n        border-radius: 4px;\r\n        color: #1a1a1a; \r\n        font-size: 18px;\r\n        margin-top: 20px;\r\n    }\r\n<\/style>\r\n\r\n<div class=\"az-form-container\">\r\n    <div class=\"az-form-header\">\r\n        <h2>Cita de servicio<\/h2>\r\n        <p>Agenda tu cita de servicio.<\/p>\r\n    <\/div>\r\n\r\n    <div id=\"mensaje-exito\">\r\n        <strong>\u00a1Tu mensaje ha sido enviado exitosamente!<\/strong><br><br>\r\n        Por favor mantente pendiente, pronto te contactaremos para confirmar tu cita.\r\n    <\/div>\r\n\r\n    <form id=\"formulario-cita\">\r\n        \r\n        <input type=\"hidden\" name=\"_subject\" value=\"Nueva solicitud de Cita de Servicio Web\">\r\n        \r\n        <div class=\"az-form-section az-row\">\r\n            <div class=\"az-col\">\r\n                <label for=\"centro\">Selecciona un centro de servicio<\/label>\r\n                <select id=\"centro\" name=\"Centro_de_Servicio\" class=\"az-form-control\" required>\r\n                    <option value=\"\">Seleccionar...<\/option>\r\n                    <option value=\"Starniza (Bogot\u00e1)\">Starniza (Bogot\u00e1): Cl. 170 #69-80<\/option>\r\n                    <option value=\"Starniza (Bucaramanga)\">Starniza (Bucaramanga): Cl.70 #43W-138, V\u00eda Gir\u00f3n a B\/manga Km.4<\/option>\r\n                <\/select>\r\n            <\/div>\r\n            <div class=\"az-col\">\r\n                <label for=\"servicios\">Servicios<\/label>\r\n                <select id=\"servicios\" name=\"Servicios_Solicitados\" class=\"az-form-control\" required>\r\n                    <option value=\"\">Seleccionar...<\/option>\r\n                    <option value=\"Campa\u00f1a KDM\">Campa\u00f1a KDM<\/option>\r\n                    <option value=\"Diagn\u00f3stico\">Diagn\u00f3stico<\/option>\r\n                    <option value=\"Mantenimiento\">Mantenimiento<\/option>\r\n                    <option value=\"Mantenimiento Tipo A\">Mantenimiento Tipo A<\/option>\r\n                    <option value=\"Mantenimiento Tipo B\">Mantenimiento Tipo B<\/option>\r\n                    <option value=\"Mec\u00e1nica General\">Mec\u00e1nica General<\/option>\r\n                <\/select>\r\n            <\/div>\r\n        <\/div>\r\n\r\n        <div class=\"az-form-section\">\r\n            <label style=\"font-weight: bold; font-size: 16px; margin-bottom: 15px; display: block;\">Por favor completa tus datos<\/label>\r\n            <div class=\"az-row\">\r\n                <div class=\"az-col\">\r\n                    <input type=\"text\" name=\"Nombre\" class=\"az-form-control\" placeholder=\"Nombre completo\" required>\r\n                <\/div>\r\n                <div class=\"az-col\">\r\n                    <input type=\"tel\" name=\"Telefono\" class=\"az-form-control\" placeholder=\"Tel\u00e9fono\" required>\r\n                <\/div>\r\n                <div class=\"az-col\">\r\n                    <input type=\"email\" name=\"Correo\" class=\"az-form-control\" placeholder=\"Correo electr\u00f3nico\" required>\r\n                <\/div>\r\n            <\/div>\r\n        <\/div>\r\n\r\n        <div class=\"az-form-section\">\r\n            <label style=\"font-weight: bold; font-size: 16px; margin-bottom: 15px; display: block;\">Completa los datos del veh\u00edculo<\/label>\r\n            <div class=\"az-row\">\r\n                <div class=\"az-col\">\r\n                    <input type=\"text\" name=\"Placa\" class=\"az-form-control\" placeholder=\"Placa\" required>\r\n                <\/div>\r\n                <div class=\"az-col\">\r\n                    <input type=\"text\" name=\"Modelo\" class=\"az-form-control\" placeholder=\"Modelo del veh\u00edculo\" required>\r\n                <\/div>\r\n                <div class=\"az-col\">\r\n                    <input type=\"number\" name=\"Kilometraje\" class=\"az-form-control\" placeholder=\"Kilometraje Actual\">\r\n                <\/div>\r\n            <\/div>\r\n        <\/div>\r\n\r\n        <div class=\"az-form-section az-row\">\r\n            <div class=\"az-col\">\r\n                <label for=\"fecha\">Fecha y Hora<\/label>\r\n                <input type=\"datetime-local\" id=\"fecha\" name=\"Fecha_y_Hora\" class=\"az-form-control\" required>\r\n            <\/div>\r\n            <div class=\"az-col\">\r\n                <label for=\"asesor\">Asesor de Servicio<\/label>\r\n                <select id=\"asesor\" name=\"Asesor\" class=\"az-form-control\">\r\n                    <option value=\"Cualquiera\">Cualquier asesor disponible<\/option>\r\n                    <option value=\"Asesor 1\">Asesor 1<\/option>\r\n                    <option value=\"Asesor 2\">Asesor 2<\/option>\r\n                <\/select>\r\n            <\/div>\r\n        <\/div>\r\n\r\n        <div class=\"az-form-section\">\r\n            <label for=\"comentario\">Agregar comentario<\/label>\r\n            <textarea id=\"comentario\" name=\"Comentarios\" class=\"az-form-control\" placeholder=\"Escribe los detalles de tu solicitud aqu\u00ed...\"><\/textarea>\r\n        <\/div>\r\n\r\n        <div class=\"az-terms-group\">\r\n            <input type=\"checkbox\" id=\"terminos\" name=\"Acepta_Terminos\" value=\"Si\" required>\r\n            <label for=\"terminos\" style=\"font-weight: normal; margin: 0;\">Acepto los t\u00e9rminos y condiciones y las pol\u00edticas de privacidad de la informaci\u00f3n.<\/label>\r\n        <\/div>\r\n\r\n        <div class=\"az-clearfix\">\r\n            <button type=\"submit\" id=\"btn-enviar\" class=\"az-submit-btn\">Agenda tu cita<\/button>\r\n        <\/div>\r\n    <\/form>\r\n<\/div>\r\n\r\n<script>\r\ndocument.getElementById(\"formulario-cita\").addEventListener(\"submit\", function(e) {\r\n    e.preventDefault(); \r\n    \r\n    var boton = document.getElementById(\"btn-enviar\");\r\n    boton.innerText = \"Enviando...\";\r\n    boton.disabled = true;\r\n    \r\n    var formData = new FormData(this);\r\n    \r\n    fetch(\"https:\/\/formsubmit.co\/ajax\/coordinadorbdc@autoniza.com\", {\r\n        method: \"POST\",\r\n        body: formData,\r\n        headers: {\r\n            'Accept': 'application\/json'\r\n        }\r\n    })\r\n    .then(response => response.json())\r\n    .then(data => {\r\n        document.getElementById(\"formulario-cita\").style.display = \"none\";\r\n        document.getElementById(\"mensaje-exito\").style.display = \"block\";\r\n    })\r\n    .catch(error => {\r\n        console.log(error);\r\n        alert(\"Hubo un error al enviar. Por favor intenta de nuevo.\");\r\n        boton.innerText = \"Agenda tu cita\";\r\n        boton.disabled = false;\r\n    });\r\n});\r\n<\/script>\t\t\t\t<\/div>\n\t\t\t\t\t<\/div>\n\t\t\t\t<\/div>\n\t\t\t\t<\/div>\n\t\t","protected":false},"excerpt":{"rendered":"<p>Cita de servicio Agenda tu cita de servicio. \u00a1Tu mensaje ha sido enviado exitosamente! Por favor mantente pendiente, pronto te contactaremos para confirmar tu cita. Selecciona un centro de servicio Seleccionar&#8230;Starniza (Bogot\u00e1): Cl. 170 #69-80Starniza (Bucaramanga): Cl.70 #43W-138, V\u00eda Gir\u00f3n a B\/manga Km.4 Servicios Seleccionar&#8230;Campa\u00f1a KDMDiagn\u00f3sticoMantenimientoMantenimiento Tipo AMantenimiento Tipo BMec\u00e1nica General Por favor completa tus [&hellip;]<\/p>\n","protected":false},"author":272696824,"featured_media":0,"parent":0,"menu_order":0,"comment_status":"closed","ping_status":"closed","template":"","meta":{"footnotes":""},"class_list":["post-3562","page","type-page","status-publish","hentry"],"_hostinger_reach_plugin_has_subscription_block":false,"_hostinger_reach_plugin_is_elementor":false,"_links":{"self":[{"href":"https:\/\/mercedes-benz.starniza.com\/index.php?rest_route=\/wp\/v2\/pages\/3562","targetHints":{"allow":["GET"]}}],"collection":[{"href":"https:\/\/mercedes-benz.starniza.com\/index.php?rest_route=\/wp\/v2\/pages"}],"about":[{"href":"https:\/\/mercedes-benz.starniza.com\/index.php?rest_route=\/wp\/v2\/types\/page"}],"author":[{"embeddable":true,"href":"https:\/\/mercedes-benz.starniza.com\/index.php?rest_route=\/wp\/v2\/users\/272696824"}],"replies":[{"embeddable":true,"href":"https:\/\/mercedes-benz.starniza.com\/index.php?rest_route=%2Fwp%2Fv2%2Fcomments&post=3562"}],"version-history":[{"count":16,"href":"https:\/\/mercedes-benz.starniza.com\/index.php?rest_route=\/wp\/v2\/pages\/3562\/revisions"}],"predecessor-version":[{"id":6026,"href":"https:\/\/mercedes-benz.starniza.com\/index.php?rest_route=\/wp\/v2\/pages\/3562\/revisions\/6026"}],"wp:attachment":[{"href":"https:\/\/mercedes-benz.starniza.com\/index.php?rest_route=%2Fwp%2Fv2%2Fmedia&parent=3562"}],"curies":[{"name":"wp","href":"https:\/\/api.w.org\/{rel}","templated":true}]}}